{"id":5152,"date":"2025-05-16T18:46:42","date_gmt":"2025-05-16T16:46:42","guid":{"rendered":"https:\/\/frauenhaus-und-beratung.de\/splash-screen\/"},"modified":"2025-05-16T18:56:33","modified_gmt":"2025-05-16T16:56:33","slug":"splash-screen","status":"publish","type":"page","link":"https:\/\/frauenhaus-und-beratung.de\/en\/","title":{"rendered":"Splash Screen"},"content":{"rendered":"<!-- RS_MODULE_CODE_2.5.3 --><div id=\"readspeaker_button5152\" class=\"rs_skip rsbtn rs_preserve\"><a class=\"rsbtn_play\" title=\"Um den Text anzuh&ouml;ren, verwenden Sie bitte ReadSpeaker\" href=\"https:\/\/app-eu.readspeaker.com\/cgi-bin\/rsent?customerid=14993&amp;lang=de_de&amp;voice=Klara&amp;readid=rspeak_read_5152&amp;url=https%3A%2F%2Ffrauenhaus-und-beratung.de%2Fen%2Fwp-json%2Fwp%2Fv2%2Fpages%2F5152\"><span class=\"rsbtn_left rsimg rspart\"><span class=\"rsbtn_text\"><span>Vorlesen<\/span><\/span><\/span><span class=\"rsbtn_right rsimg rsplay rspart\"><\/span><\/a><\/div><div id=\"rspeak_read_5152\">\t\t<div data-elementor-type=\"wp-page\" data-elementor-id=\"5152\" class=\"elementor elementor-5152 elementor-5140\" data-elementor-post-type=\"page\">\n\t\t\t\t<div class=\"elementor-element elementor-element-150a1dc e-con-full e-flex e-con e-parent\" data-id=\"150a1dc\" data-element_type=\"container\" data-settings=\"{&quot;background_background&quot;:&quot;classic&quot;}\">\n\t\t<div class=\"elementor-element elementor-element-af66c02 e-con-full e-flex e-con e-child\" data-id=\"af66c02\" data-element_type=\"container\" data-settings=\"{&quot;background_background&quot;:&quot;classic&quot;}\">\n\t\t<div class=\"elementor-element elementor-element-46dc26f e-flex e-con-boxed e-con e-child\" data-id=\"46dc26f\" data-element_type=\"container\" data-settings=\"{&quot;background_background&quot;:&quot;classic&quot;}\">\n\t\t\t\t\t<div class=\"e-con-inner\">\n\t\t<div class=\"elementor-element elementor-element-b9cf4ea e-con-full e-flex e-con e-child\" data-id=\"b9cf4ea\" data-element_type=\"container\">\n\t\t<div class=\"elementor-element elementor-element-307c439 e-con-full not-content e-flex e-con e-child\" data-id=\"307c439\" data-element_type=\"container\" data-settings=\"{&quot;background_background&quot;:&quot;classic&quot;}\">\n\t\t\t\t<div class=\"elementor-element elementor-element-5a0a73a elementor-widget__width-initial elementor-widget elementor-widget-image\" data-id=\"5a0a73a\" data-element_type=\"widget\" data-widget_type=\"image.default\">\n\t\t\t\t\t\t\t\t\t\t\t\t\t\t\t<img decoding=\"async\" width=\"55\" height=\"55\" src=\"https:\/\/frauenhaus-und-beratung.de\/wp-content\/uploads\/2024\/08\/frauenhaus-muenster-svg_icon-not.svg\" class=\"attachment-large size-large wp-image-1821\" alt=\"\" \/>\t\t\t\t\t\t\t\t\t\t\t\t\t\t\t<\/div>\n\t\t\t\t<div class=\"elementor-element elementor-element-4bae604 elementor-widget elementor-widget-heading\" data-id=\"4bae604\" data-element_type=\"widget\" data-widget_type=\"heading.default\">\n\t\t\t\t\t<h3 class=\"elementor-heading-title elementor-size-default\">Are you<br> in <span>need<\/span>?<\/h3>\t\t\t\t<\/div>\n\t\t\t\t<div class=\"elementor-element elementor-element-8eab813 elementor-align-left icon-white elementor-widget elementor-widget-button\" data-id=\"8eab813\" data-element_type=\"widget\" data-widget_type=\"button.default\">\n\t\t\t\t\t\t\t\t\t\t<a class=\"elementor-button elementor-button-link elementor-size-sm\" href=\"http:\/\/frauenhaus-und-beratung.de\/en\/are-you-need\/\" id=\"link-button\">\n\t\t\t\t\t\t<span class=\"elementor-button-content-wrapper\">\n\t\t\t\t\t\t<span class=\"elementor-button-icon\">\n\t\t\t\t<svg xmlns=\"http:\/\/www.w3.org\/2000\/svg\" xmlns:xlink=\"http:\/\/www.w3.org\/1999\/xlink\" viewBox=\"0 0 44.5 67.2\"><defs><style>      .cls-1 {        fill: none;      }      .cls-2 {        fill: #8b3eff;      }      .cls-3 {        clip-path: url(#clippath);      }    <\/style><clipPath id=\"clippath\"><rect class=\"cls-1\" y=\".4\" width=\"44.1\" height=\"66.5\"><\/rect><\/clipPath><\/defs><g><g id=\"Ebene_2\"><g class=\"cls-3\"><polygon class=\"cls-2\" points=\"44.1 33 11.5 .4 8.5 3.3 36.7 31.5 0 31.5 0 35.7 36.7 35.7 8.5 63.9 11.5 66.9 44 34.3 43.4 33.7 44.1 33\"><\/polygon><\/g><\/g><\/g><\/svg>\t\t\t<\/span>\n\t\t\t\t\t\t\t\t\t<span class=\"elementor-button-text\">Quick help<\/span>\n\t\t\t\t\t<\/span>\n\t\t\t\t\t<\/a>\n\t\t\t\t\t\t\t\t<\/div>\n\t\t\t\t<\/div>\n\t\t\t\t<\/div>\n\t\t\t\t\t<\/div>\n\t\t\t\t<\/div>\n\t\t<div class=\"elementor-element elementor-element-06cbfb8 e-con-full e-flex e-con e-child\" data-id=\"06cbfb8\" data-element_type=\"container\" data-settings=\"{&quot;background_background&quot;:&quot;classic&quot;}\">\n\t\t<div class=\"elementor-element elementor-element-5170c1b e-con-full e-flex e-con e-child\" data-id=\"5170c1b\" data-element_type=\"container\">\n\t\t<div class=\"elementor-element elementor-element-8f3e31b e-con-full info-content e-flex e-con e-child\" data-id=\"8f3e31b\" data-element_type=\"container\" data-settings=\"{&quot;background_background&quot;:&quot;classic&quot;}\">\n\t\t\t\t<div class=\"elementor-element elementor-element-084bc7a elementor-widget__width-initial elementor-widget elementor-widget-image\" data-id=\"084bc7a\" data-element_type=\"widget\" data-widget_type=\"image.default\">\n\t\t\t\t\t\t\t\t\t\t\t\t\t\t\t<img decoding=\"async\" width=\"55\" height=\"55\" src=\"https:\/\/frauenhaus-und-beratung.de\/wp-content\/uploads\/2024\/08\/frauenhaus-muenster-svg_icon-info-1.svg\" class=\"attachment-large size-large wp-image-1820\" alt=\"\" \/>\t\t\t\t\t\t\t\t\t\t\t\t\t\t\t<\/div>\n\t\t\t\t<div class=\"elementor-element elementor-element-e52a5cc elementor-widget elementor-widget-heading\" data-id=\"e52a5cc\" data-element_type=\"widget\" data-widget_type=\"heading.default\">\n\t\t\t\t\t<h3 class=\"elementor-heading-title elementor-size-default\">Do you need<br> <span>information<\/span>?<\/h3>\t\t\t\t<\/div>\n\t\t\t\t<div class=\"elementor-element elementor-element-15e52ff elementor-align-left icon-white elementor-widget elementor-widget-button\" data-id=\"15e52ff\" data-element_type=\"widget\" data-widget_type=\"button.default\">\n\t\t\t\t\t\t\t\t\t\t<a class=\"elementor-button elementor-button-link elementor-size-sm\" href=\"https:\/\/frauenhaus-und-beratung.de\/en\/\" id=\"link-button\">\n\t\t\t\t\t\t<span class=\"elementor-button-content-wrapper\">\n\t\t\t\t\t\t<span class=\"elementor-button-icon\">\n\t\t\t\t<svg xmlns=\"http:\/\/www.w3.org\/2000\/svg\" xmlns:xlink=\"http:\/\/www.w3.org\/1999\/xlink\" viewBox=\"0 0 44.5 67.2\"><defs><style>      .cls-1 {        fill: none;      }      .cls-2 {        fill: #8b3eff;      }      .cls-3 {        clip-path: url(#clippath);      }    <\/style><clipPath id=\"clippath\"><rect class=\"cls-1\" y=\".4\" width=\"44.1\" height=\"66.5\"><\/rect><\/clipPath><\/defs><g><g id=\"Ebene_2\"><g class=\"cls-3\"><polygon class=\"cls-2\" points=\"44.1 33 11.5 .4 8.5 3.3 36.7 31.5 0 31.5 0 35.7 36.7 35.7 8.5 63.9 11.5 66.9 44 34.3 43.4 33.7 44.1 33\"><\/polygon><\/g><\/g><\/g><\/svg>\t\t\t<\/span>\n\t\t\t\t\t\t\t\t\t<span class=\"elementor-button-text\">More about us<\/span>\n\t\t\t\t\t<\/span>\n\t\t\t\t\t<\/a>\n\t\t\t\t\t\t\t\t<\/div>\n\t\t\t\t<\/div>\n\t\t\t\t<\/div>\n\t\t\t\t<\/div>\n\t\t\t\t<\/div>\n\t\t\t\t<\/div>\n\t\t\t\t<\/div>\n\t\t<\/div>","protected":false},"excerpt":{"rendered":"<p><!-- RS_MODULE_CODE_2.5.3 --><\/p>\n<div id=\"readspeaker_button5152\" class=\"rs_skip rsbtn rs_preserve\"><a class=\"rsbtn_play\" title=\"Um den Text anzuh&ouml;ren, verwenden Sie bitte ReadSpeaker\" href=\"https:\/\/app-eu.readspeaker.com\/cgi-bin\/rsent?customerid=14993&amp;lang=de_de&amp;voice=Klara&amp;readid=rspeak_read_5152&amp;url=https%3A%2F%2Ffrauenhaus-und-beratung.de%2Fen%2Fwp-json%2Fwp%2Fv2%2Fpages%2F5152\"><span class=\"rsbtn_left rsimg rspart\"><span class=\"rsbtn_text\"><span>Vorlesen<\/span><\/span><\/span><span class=\"rsbtn_right rsimg rsplay rspart\"><\/span><\/a><\/div>\n<div id=\"rspeak_read_5152\"> Are you in need? Quick help Do you need information? More about us<\/div>\n","protected":false},"author":1,"featured_media":0,"parent":0,"menu_order":0,"comment_status":"closed","ping_status":"closed","template":"","meta":{"footnotes":""},"class_list":["post-5152","page","type-page","status-publish","hentry"],"yoast_head":"<!-- This site is optimized with the Yoast SEO plugin v26.3 - https:\/\/yoast.com\/wordpress\/plugins\/seo\/ -->\n<title>Frauenhaus und Beratung e.V. - M\u00fcnster &amp; Telgte<\/title>\n<meta name=\"description\" content=\"Frauenhaus und Beratung e.V.; Beratung, Schutz, Unterkunft und Unterst\u00fctzung f\u00fcr Frauen und deren Kinder, die von k\u00f6rperlicher, seelischer ...\" \/>\n<meta name=\"robots\" content=\"index, follow, max-snippet:-1, max-image-preview:large, max-video-preview:-1\" \/>\n<link rel=\"canonical\" href=\"https:\/\/frauenhaus-und-beratung.de\/en\/\" \/>\n<meta property=\"og:locale\" content=\"en_US\" \/>\n<meta property=\"og:type\" content=\"article\" \/>\n<meta property=\"og:title\" content=\"Frauenhaus und Beratung e.V. - M\u00fcnster &amp; Telgte\" \/>\n<meta property=\"og:description\" content=\"Frauenhaus und Beratung e.V.; Beratung, Schutz, Unterkunft und Unterst\u00fctzung f\u00fcr Frauen und deren Kinder, die von k\u00f6rperlicher, seelischer ...\" \/>\n<meta property=\"og:url\" content=\"https:\/\/frauenhaus-und-beratung.de\/en\/\" \/>\n<meta property=\"og:site_name\" content=\"Frauenhaus und Beratung e.V.\" \/>\n<meta property=\"article:modified_time\" content=\"2025-05-16T16:56:33+00:00\" \/>\n<meta name=\"twitter:card\" content=\"summary_large_image\" \/>\n<meta name=\"twitter:label1\" content=\"Est. reading time\" \/>\n\t<meta name=\"twitter:data1\" content=\"1 minute\" \/>\n<script type=\"application\/ld+json\" class=\"yoast-schema-graph\">{\"@context\":\"https:\/\/schema.org\",\"@graph\":[{\"@type\":\"WebPage\",\"@id\":\"https:\/\/frauenhaus-und-beratung.de\/en\/\",\"url\":\"https:\/\/frauenhaus-und-beratung.de\/en\/\",\"name\":\"Frauenhaus und Beratung e.V. - M\u00fcnster & Telgte\",\"isPartOf\":{\"@id\":\"https:\/\/frauenhaus-und-beratung.de\/en\/#website\"},\"primaryImageOfPage\":{\"@id\":\"https:\/\/frauenhaus-und-beratung.de\/en\/#primaryimage\"},\"image\":{\"@id\":\"https:\/\/frauenhaus-und-beratung.de\/en\/#primaryimage\"},\"thumbnailUrl\":\"https:\/\/frauenhaus-und-beratung.de\/wp-content\/uploads\/2024\/08\/frauenhaus-muenster-svg_icon-not.svg\",\"datePublished\":\"2025-05-16T16:46:42+00:00\",\"dateModified\":\"2025-05-16T16:56:33+00:00\",\"description\":\"Frauenhaus und Beratung e.V.; Beratung, Schutz, Unterkunft und Unterst\u00fctzung f\u00fcr Frauen und deren Kinder, die von k\u00f6rperlicher, seelischer ...\",\"breadcrumb\":{\"@id\":\"https:\/\/frauenhaus-und-beratung.de\/en\/#breadcrumb\"},\"inLanguage\":\"en-US\",\"potentialAction\":[{\"@type\":\"ReadAction\",\"target\":[\"https:\/\/frauenhaus-und-beratung.de\/en\/\"]}]},{\"@type\":\"ImageObject\",\"inLanguage\":\"en-US\",\"@id\":\"https:\/\/frauenhaus-und-beratung.de\/en\/#primaryimage\",\"url\":\"https:\/\/frauenhaus-und-beratung.de\/wp-content\/uploads\/2024\/08\/frauenhaus-muenster-svg_icon-not.svg\",\"contentUrl\":\"https:\/\/frauenhaus-und-beratung.de\/wp-content\/uploads\/2024\/08\/frauenhaus-muenster-svg_icon-not.svg\"},{\"@type\":\"BreadcrumbList\",\"@id\":\"https:\/\/frauenhaus-und-beratung.de\/en\/#breadcrumb\",\"itemListElement\":[{\"@type\":\"ListItem\",\"position\":1,\"name\":\"Home\",\"item\":\"https:\/\/frauenhaus-und-beratung.de\/en\/\"},{\"@type\":\"ListItem\",\"position\":2,\"name\":\"Splash Screen\"}]},{\"@type\":\"WebSite\",\"@id\":\"https:\/\/frauenhaus-und-beratung.de\/en\/#website\",\"url\":\"https:\/\/frauenhaus-und-beratung.de\/en\/\",\"name\":\"Frauenhaus und Beratung e.V.\",\"description\":\"Schutz vor Gewalt\",\"publisher\":{\"@id\":\"https:\/\/frauenhaus-und-beratung.de\/en\/#organization\"},\"potentialAction\":[{\"@type\":\"SearchAction\",\"target\":{\"@type\":\"EntryPoint\",\"urlTemplate\":\"https:\/\/frauenhaus-und-beratung.de\/en\/?s={search_term_string}\"},\"query-input\":{\"@type\":\"PropertyValueSpecification\",\"valueRequired\":true,\"valueName\":\"search_term_string\"}}],\"inLanguage\":\"en-US\"},{\"@type\":\"Organization\",\"@id\":\"https:\/\/frauenhaus-und-beratung.de\/en\/#organization\",\"name\":\"Frauenhaus und Beratung e.V.\",\"url\":\"https:\/\/frauenhaus-und-beratung.de\/en\/\",\"logo\":{\"@type\":\"ImageObject\",\"inLanguage\":\"en-US\",\"@id\":\"https:\/\/frauenhaus-und-beratung.de\/en\/#\/schema\/logo\/image\/\",\"url\":\"https:\/\/frauenhaus-und-beratung.de\/wp-content\/uploads\/2024\/08\/frauenhaus-muenster-svg_logo.svg\",\"contentUrl\":\"https:\/\/frauenhaus-und-beratung.de\/wp-content\/uploads\/2024\/08\/frauenhaus-muenster-svg_logo.svg\",\"width\":115,\"height\":24,\"caption\":\"Frauenhaus und Beratung e.V.\"},\"image\":{\"@id\":\"https:\/\/frauenhaus-und-beratung.de\/en\/#\/schema\/logo\/image\/\"}}]}<\/script>\n<!-- \/ Yoast SEO plugin. -->","yoast_head_json":{"title":"Frauenhaus und Beratung e.V. - M\u00fcnster & Telgte","description":"Frauenhaus und Beratung e.V.; Beratung, Schutz, Unterkunft und Unterst\u00fctzung f\u00fcr Frauen und deren Kinder, die von k\u00f6rperlicher, seelischer ...","robots":{"index":"index","follow":"follow","max-snippet":"max-snippet:-1","max-image-preview":"max-image-preview:large","max-video-preview":"max-video-preview:-1"},"canonical":"https:\/\/frauenhaus-und-beratung.de\/en\/","og_locale":"en_US","og_type":"article","og_title":"Frauenhaus und Beratung e.V. - M\u00fcnster & Telgte","og_description":"Frauenhaus und Beratung e.V.; Beratung, Schutz, Unterkunft und Unterst\u00fctzung f\u00fcr Frauen und deren Kinder, die von k\u00f6rperlicher, seelischer ...","og_url":"https:\/\/frauenhaus-und-beratung.de\/en\/","og_site_name":"Frauenhaus und Beratung e.V.","article_modified_time":"2025-05-16T16:56:33+00:00","twitter_card":"summary_large_image","twitter_misc":{"Est. reading time":"1 minute"},"schema":{"@context":"https:\/\/schema.org","@graph":[{"@type":"WebPage","@id":"https:\/\/frauenhaus-und-beratung.de\/en\/","url":"https:\/\/frauenhaus-und-beratung.de\/en\/","name":"Frauenhaus und Beratung e.V. - M\u00fcnster & Telgte","isPartOf":{"@id":"https:\/\/frauenhaus-und-beratung.de\/en\/#website"},"primaryImageOfPage":{"@id":"https:\/\/frauenhaus-und-beratung.de\/en\/#primaryimage"},"image":{"@id":"https:\/\/frauenhaus-und-beratung.de\/en\/#primaryimage"},"thumbnailUrl":"https:\/\/frauenhaus-und-beratung.de\/wp-content\/uploads\/2024\/08\/frauenhaus-muenster-svg_icon-not.svg","datePublished":"2025-05-16T16:46:42+00:00","dateModified":"2025-05-16T16:56:33+00:00","description":"Frauenhaus und Beratung e.V.; Beratung, Schutz, Unterkunft und Unterst\u00fctzung f\u00fcr Frauen und deren Kinder, die von k\u00f6rperlicher, seelischer ...","breadcrumb":{"@id":"https:\/\/frauenhaus-und-beratung.de\/en\/#breadcrumb"},"inLanguage":"en-US","potentialAction":[{"@type":"ReadAction","target":["https:\/\/frauenhaus-und-beratung.de\/en\/"]}]},{"@type":"ImageObject","inLanguage":"en-US","@id":"https:\/\/frauenhaus-und-beratung.de\/en\/#primaryimage","url":"https:\/\/frauenhaus-und-beratung.de\/wp-content\/uploads\/2024\/08\/frauenhaus-muenster-svg_icon-not.svg","contentUrl":"https:\/\/frauenhaus-und-beratung.de\/wp-content\/uploads\/2024\/08\/frauenhaus-muenster-svg_icon-not.svg"},{"@type":"BreadcrumbList","@id":"https:\/\/frauenhaus-und-beratung.de\/en\/#breadcrumb","itemListElement":[{"@type":"ListItem","position":1,"name":"Home","item":"https:\/\/frauenhaus-und-beratung.de\/en\/"},{"@type":"ListItem","position":2,"name":"Splash Screen"}]},{"@type":"WebSite","@id":"https:\/\/frauenhaus-und-beratung.de\/en\/#website","url":"https:\/\/frauenhaus-und-beratung.de\/en\/","name":"Frauenhaus und Beratung e.V.","description":"Schutz vor Gewalt","publisher":{"@id":"https:\/\/frauenhaus-und-beratung.de\/en\/#organization"},"potentialAction":[{"@type":"SearchAction","target":{"@type":"EntryPoint","urlTemplate":"https:\/\/frauenhaus-und-beratung.de\/en\/?s={search_term_string}"},"query-input":{"@type":"PropertyValueSpecification","valueRequired":true,"valueName":"search_term_string"}}],"inLanguage":"en-US"},{"@type":"Organization","@id":"https:\/\/frauenhaus-und-beratung.de\/en\/#organization","name":"Frauenhaus und Beratung e.V.","url":"https:\/\/frauenhaus-und-beratung.de\/en\/","logo":{"@type":"ImageObject","inLanguage":"en-US","@id":"https:\/\/frauenhaus-und-beratung.de\/en\/#\/schema\/logo\/image\/","url":"https:\/\/frauenhaus-und-beratung.de\/wp-content\/uploads\/2024\/08\/frauenhaus-muenster-svg_logo.svg","contentUrl":"https:\/\/frauenhaus-und-beratung.de\/wp-content\/uploads\/2024\/08\/frauenhaus-muenster-svg_logo.svg","width":115,"height":24,"caption":"Frauenhaus und Beratung e.V."},"image":{"@id":"https:\/\/frauenhaus-und-beratung.de\/en\/#\/schema\/logo\/image\/"}}]}},"_links":{"self":[{"href":"https:\/\/frauenhaus-und-beratung.de\/en\/wp-json\/wp\/v2\/pages\/5152","targetHints":{"allow":["GET"]}}],"collection":[{"href":"https:\/\/frauenhaus-und-beratung.de\/en\/wp-json\/wp\/v2\/pages"}],"about":[{"href":"https:\/\/frauenhaus-und-beratung.de\/en\/wp-json\/wp\/v2\/types\/page"}],"author":[{"embeddable":true,"href":"https:\/\/frauenhaus-und-beratung.de\/en\/wp-json\/wp\/v2\/users\/1"}],"replies":[{"embeddable":true,"href":"https:\/\/frauenhaus-und-beratung.de\/en\/wp-json\/wp\/v2\/comments?post=5152"}],"version-history":[{"count":3,"href":"https:\/\/frauenhaus-und-beratung.de\/en\/wp-json\/wp\/v2\/pages\/5152\/revisions"}],"predecessor-version":[{"id":5160,"href":"https:\/\/frauenhaus-und-beratung.de\/en\/wp-json\/wp\/v2\/pages\/5152\/revisions\/5160"}],"wp:attachment":[{"href":"https:\/\/frauenhaus-und-beratung.de\/en\/wp-json\/wp\/v2\/media?parent=5152"}],"curies":[{"name":"wp","href":"https:\/\/api.w.org\/{rel}","templated":true}]}}